{"id":892,"date":"2023-03-15T13:44:43","date_gmt":"2023-03-15T13:44:43","guid":{"rendered":"https:\/\/napwire.eu\/?page_id=892"},"modified":"2023-03-15T14:57:27","modified_gmt":"2023-03-15T14:57:27","slug":"home-2-copy-copy","status":"publish","type":"page","link":"https:\/\/napwire.eu\/?page_id=892","title":{"rendered":"Software"},"content":{"rendered":"\n\n\t<h1>\n\t\t\t\t\tUnsere Softwarel\u00f6sung\n\t\t\t\t<\/h1>\n\t\t\t\t<img decoding=\"async\" src=\"https:\/\/napwire.eu\/wp-content\/plugins\/bb-plugin\/img\/pixel.png\" alt=\"\" itemprop=\"image\" onerror=\"this.style.display='none'\"  \/>\n\t\t\t\t<img decoding=\"async\" src=\"https:\/\/napwire.eu\/wp-content\/uploads\/2020\/10\/html5.svg\" alt=\"html5\" itemprop=\"image\"\/>\n\t\t\t\t<img decoding=\"async\" src=\"https:\/\/napwire.eu\/wp-content\/uploads\/2020\/10\/css3.svg\" alt=\"css3\" itemprop=\"image\"\/>\n\t\t\t\t<img decoding=\"async\" src=\"https:\/\/napwire.eu\/wp-content\/uploads\/2020\/10\/js.svg\" alt=\"js\" itemprop=\"image\"\/>\n\t\t\t\t<img decoding=\"async\" src=\"https:\/\/napwire.eu\/wp-content\/uploads\/2020\/10\/node-js.svg\" alt=\"node-js\" itemprop=\"image\"\/>\n\t\t\t\t<img decoding=\"async\" src=\"https:\/\/napwire.eu\/wp-content\/uploads\/2020\/10\/python.svg\" alt=\"python\" itemprop=\"image\"\/>\n\t\t\t\t<img decoding=\"async\" src=\"https:\/\/napwire.eu\/wp-content\/uploads\/2020\/10\/react.svg\" alt=\"react\" itemprop=\"image\"\/>\n\t\t\t\t<img decoding=\"async\" src=\"https:\/\/napwire.eu\/wp-content\/uploads\/2020\/10\/vuejs.svg\" alt=\"vuejs\" itemprop=\"image\"\/>\n\t\t\t\t<img decoding=\"async\" src=\"https:\/\/napwire.eu\/wp-content\/uploads\/2020\/10\/angular.svg\" alt=\"angular\" itemprop=\"image\"\/>\n\t\t\t\t<img decoding=\"async\" src=\"https:\/\/napwire.eu\/wp-content\/uploads\/2023\/03\/Untitled-design21.png\" alt=\"Untitled design(21)\" itemprop=\"image\"\/>\n\t\t<h2>\n\t\tWas bietet unsere Software?\n\t<\/h2>\n<p>Sicherheitsfunktionen: Die Software bietet eine breite Palette von Sicherheitsfunktionen, um potenzielle Schwachstellen und Bedrohungen auf Android- und iOS-Ger\u00e4ten zu erkennen und zu schlie\u00dfen. Die Software ist in der Lage, bekannte Sicherheitsl\u00fccken zu identifizieren und automatisch Patches zu entwickeln, um diese zu schlie\u00dfen.<\/p>\n<p>Automatisierte Updates: Die Software sorgt daf\u00fcr, dass Ger\u00e4te immer mit den aktuellsten Programmversionen betrieben werden k\u00f6nnen, indem sie automatisierte Prozesse zur \u00dcberwachung und Installation von Updates bereitstellt. Hierbei werden auch automatisierte Kompatibilit\u00e4tstests durchgef\u00fchrt, um sicherzustellen, dass Updates problemlos installiert werden k\u00f6nnen.<\/p>\n<p>Benutzerfreundlichkeit: Die Software ist benutzerfreundlich und einfach zu bedienen. Sie bietet automatisierte Prozesse, um den Installationsprozess zu vereinfachen und den Nutzern Zeit und Aufwand zu sparen. Dar\u00fcber hinaus werden Benachrichtigungen bereitgestellt, um Nutzer \u00fcber neue Updates und Patches zu informieren.<\/p>\n<p>Kompatibilit\u00e4t: Die Software ist kompatibel mit einer Vielzahl von Ger\u00e4ten und Betriebssystemen. Hierzu geh\u00f6ren sowohl Android- als auch iOS-Ger\u00e4te, wodurch Nutzer auf beiden Plattformen von den Vorteilen der Software profitieren k\u00f6nnen.<\/p>\n<p>Zuverl\u00e4ssigkeit: Die Software wurde gr\u00fcndlich getestet und bietet eine hohe Zuverl\u00e4ssigkeit und Leistung. Sie bietet eine schnelle Reaktionszeit bei der Erkennung von Sicherheitsl\u00fccken sowie der Entwicklung von Patches und sorgt daf\u00fcr, dass Updates nahtlos installiert werden k\u00f6nnen.<\/p>\n\t\t\t<a href=\"https:\/\/napwire.eu\/?page_id=510\" target=\"_self\" role=\"button\" rel=\"noopener\">\n\t\t\t\t\t\tKontaktieren Sie uns!\n\t\t<\/a>\n\n","protected":false},"excerpt":{"rendered":"<p>Unsere Softwarel\u00f6sung Was bietet unsere Software? Sicherheitsfunktionen: Die Software bietet eine breite Palette von Sicherheitsfunktionen, um potenzielle Schwachstellen und Bedrohungen auf Android- und iOS-Ger\u00e4ten zu erkennen und zu schlie\u00dfen. Die Software ist in der Lage, bekannte Sicherheitsl\u00fccken zu identifizieren und automatisch Patches zu entwickeln, um diese zu schlie\u00dfen. Automatisierte Updates: Die Software sorgt daf\u00fcr, dass &hellip;<\/p>\n<p class=\"read-more\"> <a class=\"\" href=\"https:\/\/napwire.eu\/?page_id=892\"> <span class=\"screen-reader-text\">Software<\/span> Read More &raquo;<\/a><\/p>\n","protected":false},"author":1,"featured_media":0,"parent":0,"menu_order":0,"comment_status":"closed","ping_status":"closed","template":"","meta":{"site-sidebar-layout":"no-sidebar","site-content-layout":"page-builder","ast-global-header-display":"","ast-main-header-display":"","ast-hfb-above-header-display":"","ast-hfb-below-header-display":"","ast-hfb-mobile-header-display":"","site-post-title":"disabled","ast-breadcrumbs-content":"","ast-featured-img":"disabled","footer-sml-layout":"","theme-transparent-header-meta":"enabled","adv-header-id-meta":"","stick-header-meta":"","header-above-stick-meta":"","header-main-stick-meta":"","header-below-stick-meta":"","footnotes":""},"class_list":["post-892","page","type-page","status-publish","hentry"],"_links":{"self":[{"href":"https:\/\/napwire.eu\/index.php?rest_route=\/wp\/v2\/pages\/892","targetHints":{"allow":["GET"]}}],"collection":[{"href":"https:\/\/napwire.eu\/index.php?rest_route=\/wp\/v2\/pages"}],"about":[{"href":"https:\/\/napwire.eu\/index.php?rest_route=\/wp\/v2\/types\/page"}],"author":[{"embeddable":true,"href":"https:\/\/napwire.eu\/index.php?rest_route=\/wp\/v2\/users\/1"}],"replies":[{"embeddable":true,"href":"https:\/\/napwire.eu\/index.php?rest_route=%2Fwp%2Fv2%2Fcomments&post=892"}],"version-history":[{"count":4,"href":"https:\/\/napwire.eu\/index.php?rest_route=\/wp\/v2\/pages\/892\/revisions"}],"predecessor-version":[{"id":909,"href":"https:\/\/napwire.eu\/index.php?rest_route=\/wp\/v2\/pages\/892\/revisions\/909"}],"wp:attachment":[{"href":"https:\/\/napwire.eu\/index.php?rest_route=%2Fwp%2Fv2%2Fmedia&parent=892"}],"curies":[{"name":"wp","href":"https:\/\/api.w.org\/{rel}","templated":true}]}}