{"id":837,"date":"2023-03-14T19:48:27","date_gmt":"2023-03-14T19:48:27","guid":{"rendered":"https:\/\/napwire.eu\/?page_id=837"},"modified":"2023-03-15T13:47:14","modified_gmt":"2023-03-15T13:47:14","slug":"home-2-copy","status":"publish","type":"page","link":"https:\/\/napwire.eu\/?page_id=837","title":{"rendered":"Digitalisierung"},"content":{"rendered":"\n\n\t<h1>\n\t\t\t\t\tWas bedeutet Digitalisierung f\u00fcr Ihr Unternehmen?\n\t\t\t\t<\/h1>\n\t\t\t\t<img decoding=\"async\" src=\"https:\/\/napwire.eu\/wp-content\/plugins\/bb-plugin\/img\/pixel.png\" alt=\"\" itemprop=\"image\" onerror=\"this.style.display='none'\"  \/>\n\t\t\t\t<img decoding=\"async\" src=\"https:\/\/napwire.eu\/wp-content\/uploads\/2020\/10\/html5.svg\" alt=\"html5\" itemprop=\"image\"\/>\n\t\t\t\t<img decoding=\"async\" src=\"https:\/\/napwire.eu\/wp-content\/uploads\/2020\/10\/css3.svg\" alt=\"css3\" itemprop=\"image\"\/>\n\t\t\t\t<img decoding=\"async\" src=\"https:\/\/napwire.eu\/wp-content\/uploads\/2020\/10\/js.svg\" alt=\"js\" itemprop=\"image\"\/>\n\t\t\t\t<img decoding=\"async\" src=\"https:\/\/napwire.eu\/wp-content\/uploads\/2020\/10\/node-js.svg\" alt=\"node-js\" itemprop=\"image\"\/>\n\t\t\t\t<img decoding=\"async\" src=\"https:\/\/napwire.eu\/wp-content\/uploads\/2020\/10\/python.svg\" alt=\"python\" itemprop=\"image\"\/>\n\t\t\t\t<img decoding=\"async\" src=\"https:\/\/napwire.eu\/wp-content\/uploads\/2020\/10\/react.svg\" alt=\"react\" itemprop=\"image\"\/>\n\t\t\t\t<img decoding=\"async\" src=\"https:\/\/napwire.eu\/wp-content\/uploads\/2020\/10\/vuejs.svg\" alt=\"vuejs\" itemprop=\"image\"\/>\n\t\t\t\t<img decoding=\"async\" src=\"https:\/\/napwire.eu\/wp-content\/uploads\/2020\/10\/angular.svg\" alt=\"angular\" itemprop=\"image\"\/>\n\t\t\t\t<img decoding=\"async\" src=\"https:\/\/napwire.eu\/wp-content\/uploads\/2023\/03\/Untitled-design27.png\" alt=\"Untitled design(27)\" itemprop=\"image\"\/>\n\t\t<h2>\n\t\tDigitalisierung\n\t<\/h2>\n<p>Die Digitalisierung beschreibt den Prozess, bei dem Unternehmen analoge Prozesse und Daten in digitale Formate umwandeln. Dies umfasst die Automatisierung von Gesch\u00e4ftsprozessen, die Integration von digitalen Technologien in Produkte und Dienstleistungen sowie die Nutzung von Daten und Analysen, um fundierte Entscheidungen zu treffen.<\/p>\n<p>Eine Digitalisierungsstrategie ist eine gezielte Vorgehensweise zur Umsetzung der Digitalisierung in einem Unternehmen. Sie umfasst die Analyse der aktuellen Gesch\u00e4ftsprozesse und -modelle, die Identifikation von Chancen und Risiken durch die Digitalisierung sowie die Entwicklung eines Plans zur Integration digitaler Technologien und L\u00f6sungen in die bestehenden Gesch\u00e4ftsprozesse. Eine Digitalisierungsstrategie ist somit ein wichtiges Instrument, um die Herausforderungen der Digitalisierung zu bew\u00e4ltigen und die Wettbewerbsf\u00e4higkeit des Unternehmens zu steigern.<\/p>\n\t<p>Eine Strategie f\u00fcr die Digitalisierung kann verschiedene Ziele haben, zum Beispiel die Verbesserung von Gesch\u00e4ftsprozessen und Effizienzsteigerung, die Erschlie\u00dfung neuer Gesch\u00e4ftsfelder und M\u00e4rkte, die Optimierung von Produkten und Dienstleistungen, die St\u00e4rkung der Kundenbindung sowie die Steigerung der Innovationskraft und Wettbewerbsf\u00e4higkeit.<\/p>\n<p>Insgesamt kann eine Digitalisierungsstrategie f\u00fcr ein Unternehmen von gro\u00dfer Bedeutung sein, um die Chancen der Digitalisierung zu nutzen und erfolgreich am Markt zu agieren.<\/p>\n\t\t\t<a href=\"https:\/\/napwire.eu\/?page_id=510\" target=\"_self\" role=\"button\" rel=\"noopener\">\n\t\t\t\t\t\tKontaktieren Sie uns!\n\t\t<\/a>\n\n","protected":false},"excerpt":{"rendered":"<p>Was bedeutet Digitalisierung f\u00fcr Ihr Unternehmen? Digitalisierung Die Digitalisierung beschreibt den Prozess, bei dem Unternehmen analoge Prozesse und Daten in digitale Formate umwandeln. Dies umfasst die Automatisierung von Gesch\u00e4ftsprozessen, die Integration von digitalen Technologien in Produkte und Dienstleistungen sowie die Nutzung von Daten und Analysen, um fundierte Entscheidungen zu treffen. Eine Digitalisierungsstrategie ist eine gezielte &hellip;<\/p>\n<p class=\"read-more\"> <a class=\"\" href=\"https:\/\/napwire.eu\/?page_id=837\"> <span class=\"screen-reader-text\">Digitalisierung<\/span> Read More &raquo;<\/a><\/p>\n","protected":false},"author":1,"featured_media":0,"parent":0,"menu_order":0,"comment_status":"closed","ping_status":"closed","template":"","meta":{"site-sidebar-layout":"no-sidebar","site-content-layout":"page-builder","ast-global-header-display":"","ast-main-header-display":"","ast-hfb-above-header-display":"","ast-hfb-below-header-display":"","ast-hfb-mobile-header-display":"","site-post-title":"disabled","ast-breadcrumbs-content":"","ast-featured-img":"disabled","footer-sml-layout":"","theme-transparent-header-meta":"enabled","adv-header-id-meta":"","stick-header-meta":"","header-above-stick-meta":"","header-main-stick-meta":"","header-below-stick-meta":"","footnotes":""},"class_list":["post-837","page","type-page","status-publish","hentry"],"_links":{"self":[{"href":"https:\/\/napwire.eu\/index.php?rest_route=\/wp\/v2\/pages\/837","targetHints":{"allow":["GET"]}}],"collection":[{"href":"https:\/\/napwire.eu\/index.php?rest_route=\/wp\/v2\/pages"}],"about":[{"href":"https:\/\/napwire.eu\/index.php?rest_route=\/wp\/v2\/types\/page"}],"author":[{"embeddable":true,"href":"https:\/\/napwire.eu\/index.php?rest_route=\/wp\/v2\/users\/1"}],"replies":[{"embeddable":true,"href":"https:\/\/napwire.eu\/index.php?rest_route=%2Fwp%2Fv2%2Fcomments&post=837"}],"version-history":[{"count":7,"href":"https:\/\/napwire.eu\/index.php?rest_route=\/wp\/v2\/pages\/837\/revisions"}],"predecessor-version":[{"id":899,"href":"https:\/\/napwire.eu\/index.php?rest_route=\/wp\/v2\/pages\/837\/revisions\/899"}],"wp:attachment":[{"href":"https:\/\/napwire.eu\/index.php?rest_route=%2Fwp%2Fv2%2Fmedia&parent=837"}],"curies":[{"name":"wp","href":"https:\/\/api.w.org\/{rel}","templated":true}]}}