{"id":795,"date":"2023-03-14T15:50:39","date_gmt":"2023-03-14T15:50:39","guid":{"rendered":"https:\/\/napwire.eu\/?page_id=795"},"modified":"2023-03-15T09:06:58","modified_gmt":"2023-03-15T09:06:58","slug":"impressum","status":"publish","type":"page","link":"https:\/\/napwire.eu\/?page_id=795","title":{"rendered":"Impressum"},"content":{"rendered":"\n<h1>\n\t\tImpressum\n\t<\/h1>\n<h4>Napwire AG<\/h4>\n<h4>Eschnerstra\u00dfe 48<\/h4>\n<h4>FL-9494 Schaan<\/h4>\n<h4>UID: CHE-170.641.877<\/h4>\n<h4>Registernummer: FL-0002.649.175-2<\/h4>\n<h4>Liechtenstein<\/h4>\n<p>Vertreten durch: Bernd Freiling (Verwaltungsrat und Gesch\u00e4ftsf\u00fchrer), Gerhard Oehri (Verwaltungsrat) und Felix H\u00f6lter (Verwaltungsrat)<\/p>\n<p>Kontakt:<\/p>\n<p>Telefon: <a href=\"tel: +423 (0) 377 20 43\" data-preserve-whitespace=\"true\">+423\u00a0(0)\u00a0377\u00a020\u00a043<\/a><\/p>\n<p>E-Mail: <a href=\"mailto:info@napwire.eu\" target=\"_new\" rel=\"noopener\">info@napwire.eu<\/a><\/p>\n<p>Haftungshinweis:<\/p>\n<p>Trotz sorgf\u00e4ltiger inhaltlicher Kontrolle \u00fcbernehmen wir keine Haftung f\u00fcr die Inhalte externer Links. F\u00fcr den Inhalt der verlinkten Seiten sind ausschlie\u00dflich deren Betreiber verantwortlich.<\/p>\n<p>Urheberrecht:<\/p>\n<p>Die durch die Seitenbetreiber erstellten Inhalte und Werke auf diesen Seiten unterliegen dem deutschen Urheberrecht. Die Vervielf\u00e4ltigung, Bearbeitung, Verbreitung und jede Art der Verwertung au\u00dferhalb der Grenzen des Urheberrechts bed\u00fcrfen der schriftlichen Zustimmung des jeweiligen Autors bzw. Erstellers. Downloads und Kopien dieser Seite sind nur f\u00fcr den privaten, nicht kommerziellen Gebrauch gestattet.<\/p>\n\n","protected":false},"excerpt":{"rendered":"<p>Impressum Napwire AG Eschnerstra\u00dfe 48 FL-9494 Schaan UID: CHE-170.641.877 Registernummer: FL-0002.649.175-2 Liechtenstein Vertreten durch: Bernd Freiling (Verwaltungsrat und Gesch\u00e4ftsf\u00fchrer), Gerhard Oehri (Verwaltungsrat) und Felix H\u00f6lter (Verwaltungsrat) Kontakt: Telefon: +423\u00a0(0)\u00a0377\u00a020\u00a043 E-Mail: info@napwire.eu Haftungshinweis: Trotz sorgf\u00e4ltiger inhaltlicher Kontrolle \u00fcbernehmen wir keine Haftung f\u00fcr die Inhalte externer Links. F\u00fcr den Inhalt der verlinkten Seiten sind ausschlie\u00dflich deren Betreiber &hellip;<\/p>\n<p class=\"read-more\"> <a class=\"\" href=\"https:\/\/napwire.eu\/?page_id=795\"> <span class=\"screen-reader-text\">Impressum<\/span> Read More &raquo;<\/a><\/p>\n","protected":false},"author":1,"featured_media":0,"parent":0,"menu_order":0,"comment_status":"closed","ping_status":"closed","template":"","meta":{"site-sidebar-layout":"no-sidebar","site-content-layout":"page-builder","ast-global-header-display":"","ast-main-header-display":"","ast-hfb-above-header-display":"","ast-hfb-below-header-display":"","ast-hfb-mobile-header-display":"","site-post-title":"disabled","ast-breadcrumbs-content":"","ast-featured-img":"disabled","footer-sml-layout":"","theme-transparent-header-meta":"","adv-header-id-meta":"","stick-header-meta":"","header-above-stick-meta":"","header-main-stick-meta":"","header-below-stick-meta":"","footnotes":""},"class_list":["post-795","page","type-page","status-publish","hentry"],"_links":{"self":[{"href":"https:\/\/napwire.eu\/index.php?rest_route=\/wp\/v2\/pages\/795","targetHints":{"allow":["GET"]}}],"collection":[{"href":"https:\/\/napwire.eu\/index.php?rest_route=\/wp\/v2\/pages"}],"about":[{"href":"https:\/\/napwire.eu\/index.php?rest_route=\/wp\/v2\/types\/page"}],"author":[{"embeddable":true,"href":"https:\/\/napwire.eu\/index.php?rest_route=\/wp\/v2\/users\/1"}],"replies":[{"embeddable":true,"href":"https:\/\/napwire.eu\/index.php?rest_route=%2Fwp%2Fv2%2Fcomments&post=795"}],"version-history":[{"count":6,"href":"https:\/\/napwire.eu\/index.php?rest_route=\/wp\/v2\/pages\/795\/revisions"}],"predecessor-version":[{"id":887,"href":"https:\/\/napwire.eu\/index.php?rest_route=\/wp\/v2\/pages\/795\/revisions\/887"}],"wp:attachment":[{"href":"https:\/\/napwire.eu\/index.php?rest_route=%2Fwp%2Fv2%2Fmedia&parent=795"}],"curies":[{"name":"wp","href":"https:\/\/api.w.org\/{rel}","templated":true}]}}