{"id":512,"date":"2020-11-11T06:08:28","date_gmt":"2020-11-11T06:08:28","guid":{"rendered":"https:\/\/napwire.eu\/?page_id=512"},"modified":"2023-03-15T14:55:42","modified_gmt":"2023-03-15T14:55:42","slug":"home-2","status":"publish","type":"page","link":"https:\/\/napwire.eu\/","title":{"rendered":"Home"},"content":{"rendered":"\n\n\t<h1>\n\t\t\t\t\tStrategie und Sicherheit\n\t\t\t\t<\/h1>\n\t<h5><strong>Wir entwickeln mit Ihnen einen masgeschneiderten Strategieplan und digitalisieren Ihre Prozesse! Durch unsere Haus-Interne Softwarel\u00f6sung, bieten wir Ihnen h\u00f6chsten Sicherheitsstandart. Zus\u00e4tzlich werden Sie in der Lage sein auf Ihren \u00e4lteren Endger\u00e4te immer die aktuellsten Android und iOS Programme betreiben zu k\u00f6nnen.<br \/>\n<\/strong><\/h5>\n\t<meta itemprop=\"url\" content=\"https:\/\/napwire.eu\/wp-content\/uploads\/2023\/03\/Ihr-experte-fur-digitalisierung-und-Strategie.mp4\" \/><div style=\"width: 640px;\" class=\"wp-video\"><video class=\"wp-video-shortcode\" id=\"video-512-1\" width=\"640\" height=\"360\" loop autoplay preload=\"metadata\" controls=\"controls\"><source type=\"video\/mp4\" src=\"https:\/\/napwire.eu\/wp-content\/uploads\/2023\/03\/Ihr-experte-fur-digitalisierung-und-Strategie.mp4?_=1\" \/><a href=\"https:\/\/napwire.eu\/wp-content\/uploads\/2023\/03\/Ihr-experte-fur-digitalisierung-und-Strategie.mp4\">https:\/\/napwire.eu\/wp-content\/uploads\/2023\/03\/Ihr-experte-fur-digitalisierung-und-Strategie.mp4<\/a><\/video><\/div>\n\t\t\t\t<img decoding=\"async\" src=\"https:\/\/napwire.eu\/wp-content\/plugins\/bb-plugin\/img\/pixel.png\" alt=\"\" itemprop=\"image\" onerror=\"this.style.display='none'\"  \/>\n\t\t\t\t<img decoding=\"async\" src=\"https:\/\/napwire.eu\/wp-content\/uploads\/2020\/10\/html5.svg\" alt=\"html5\" itemprop=\"image\"\/>\n\t\t\t\t<img decoding=\"async\" src=\"https:\/\/napwire.eu\/wp-content\/uploads\/2020\/10\/css3.svg\" alt=\"css3\" itemprop=\"image\"\/>\n\t\t\t\t<img decoding=\"async\" src=\"https:\/\/napwire.eu\/wp-content\/uploads\/2020\/10\/js.svg\" alt=\"js\" itemprop=\"image\"\/>\n\t\t\t\t<img decoding=\"async\" src=\"https:\/\/napwire.eu\/wp-content\/uploads\/2020\/10\/node-js.svg\" alt=\"node-js\" itemprop=\"image\"\/>\n\t\t\t\t<img decoding=\"async\" src=\"https:\/\/napwire.eu\/wp-content\/uploads\/2020\/10\/python.svg\" alt=\"python\" itemprop=\"image\"\/>\n\t\t\t\t<img decoding=\"async\" src=\"https:\/\/napwire.eu\/wp-content\/uploads\/2020\/10\/react.svg\" alt=\"react\" itemprop=\"image\"\/>\n\t\t\t\t<img decoding=\"async\" src=\"https:\/\/napwire.eu\/wp-content\/uploads\/2020\/10\/vuejs.svg\" alt=\"vuejs\" itemprop=\"image\"\/>\n\t\t\t\t<img decoding=\"async\" src=\"https:\/\/napwire.eu\/wp-content\/uploads\/2020\/10\/angular.svg\" alt=\"angular\" itemprop=\"image\"\/>\n\t\t\t\t<img decoding=\"async\" src=\"https:\/\/napwire.eu\/wp-content\/uploads\/2023\/03\/Untitled-design22.png\" alt=\"Untitled design(22)\" itemprop=\"image\"\/>\n\t<h6>\n\t\t\t\t\tSicherheit f\u00fcr Ihre Endger\u00e4te\n\t\t\t\t<\/h6>\n\t<p>Wir schliessen die Sicherheitsl\u00fccken bei Ihren Ger\u00e4ten und verhindern unautorisierte Zugriffe auf Ihre Daten.<\/p>\n<p>Dank unserer Software m\u00fcssen Sie \u00e4ltere Android und iOS Ger\u00e4te nicht mehr zwangsl\u00e4ufig ersetzen, damit Sie auf die neusten Programmeversionen zur\u00fcckgreiffen k\u00f6nnen. Dadurch schonen Sie nicht nur die Umwelt sondern auch Ihr Budget!<\/p>\n\t\t\t<a href=\"https:\/\/napwire.eu\/?page_id=892\" target=\"_self\" role=\"button\" rel=\"noopener\">\n\t\t\t\t\t\tErfahren Sie mehr\n\t\t<\/a>\n\t\t\t\t<img decoding=\"async\" src=\"https:\/\/napwire.eu\/wp-content\/uploads\/2023\/03\/Untitled-design20.png\" alt=\"Untitled design(20)\" itemprop=\"image\"\/>\n\t<h6>\n\t\t\t\t\tDigitalisierung\n\t\t\t\t<\/h6>\n\t<h2>\n\t\t\t\t\tAutomatisieren Sie ihre Abl\u00e4ufe!\n\t\t\t\t<\/h2>\n\t<p>Als Unternehmen m\u00f6chten wir Ihnen unsere Expertise und Erfahrung im Bereich Digitalisierung und Strategie zur Verf\u00fcgung stellen. Wir unterst\u00fctzen Sie dabei, Ihre Gesch\u00e4ftsprozesse und -modelle auf digitale L\u00f6sungen umzustellen und somit Ihr Unternehmen zukunftsf\u00e4hig zu machen.<\/p>\n\t\t\t\t<img decoding=\"async\" src=\"https:\/\/napwire.eu\/wp-content\/uploads\/2023\/03\/Untitled-design24.png\" alt=\"Untitled design(24)\" itemprop=\"image\"\/>\n\t<h2>\n\t\t\t\t\tEntlasten Sie Ihre Mitarbeiter und steigern Sie die Produktivit\u00e4t!\n\t\t\t\t<\/h2>\n\t<ul>\n<li>Ersparen Sie Ihren Mitarbeiter das l\u00e4stige ablegen von Dokumenten in Ordner.<\/li>\n<li>Das unn\u00f6tige Copy Paste zwischen den Masken.<\/li>\n<li>Geben Sie ihnen mehr Zeit damit sie sich auf die wichtigen Dinge konzentrieren k\u00f6nnen<\/li>\n<\/ul>\n\t\t\t<a href=\"https:\/\/napwire.eu\/?page_id=837\" target=\"_self\" role=\"button\" rel=\"noopener\">\n\t\t\t\t\t\tErfahren Sie mehr\n\t\t<\/a>\n\n","protected":false},"excerpt":{"rendered":"<p>Strategie und Sicherheit Wir entwickeln mit Ihnen einen masgeschneiderten Strategieplan und digitalisieren Ihre Prozesse! Durch unsere Haus-Interne Softwarel\u00f6sung, bieten wir Ihnen h\u00f6chsten Sicherheitsstandart. Zus\u00e4tzlich werden Sie in der Lage sein auf Ihren \u00e4lteren Endger\u00e4te immer die aktuellsten Android und iOS Programme betreiben zu k\u00f6nnen. Sicherheit f\u00fcr Ihre Endger\u00e4te Wir schliessen die Sicherheitsl\u00fccken bei Ihren Ger\u00e4ten &hellip;<\/p>\n<p class=\"read-more\"> <a class=\"\" href=\"https:\/\/napwire.eu\/\"> <span class=\"screen-reader-text\">Home<\/span> Read More &raquo;<\/a><\/p>\n","protected":false},"author":1,"featured_media":0,"parent":0,"menu_order":0,"comment_status":"closed","ping_status":"closed","template":"","meta":{"site-sidebar-layout":"no-sidebar","site-content-layout":"page-builder","ast-global-header-display":"","ast-main-header-display":"","ast-hfb-above-header-display":"","ast-hfb-below-header-display":"","ast-hfb-mobile-header-display":"","site-post-title":"disabled","ast-breadcrumbs-content":"","ast-featured-img":"disabled","footer-sml-layout":"","theme-transparent-header-meta":"enabled","adv-header-id-meta":"","stick-header-meta":"","header-above-stick-meta":"","header-main-stick-meta":"","header-below-stick-meta":"","footnotes":""},"class_list":["post-512","page","type-page","status-publish","hentry"],"_links":{"self":[{"href":"https:\/\/napwire.eu\/index.php?rest_route=\/wp\/v2\/pages\/512","targetHints":{"allow":["GET"]}}],"collection":[{"href":"https:\/\/napwire.eu\/index.php?rest_route=\/wp\/v2\/pages"}],"about":[{"href":"https:\/\/napwire.eu\/index.php?rest_route=\/wp\/v2\/types\/page"}],"author":[{"embeddable":true,"href":"https:\/\/napwire.eu\/index.php?rest_route=\/wp\/v2\/users\/1"}],"replies":[{"embeddable":true,"href":"https:\/\/napwire.eu\/index.php?rest_route=%2Fwp%2Fv2%2Fcomments&post=512"}],"version-history":[{"count":16,"href":"https:\/\/napwire.eu\/index.php?rest_route=\/wp\/v2\/pages\/512\/revisions"}],"predecessor-version":[{"id":908,"href":"https:\/\/napwire.eu\/index.php?rest_route=\/wp\/v2\/pages\/512\/revisions\/908"}],"wp:attachment":[{"href":"https:\/\/napwire.eu\/index.php?rest_route=%2Fwp%2Fv2%2Fmedia&parent=512"}],"curies":[{"name":"wp","href":"https:\/\/api.w.org\/{rel}","templated":true}]}}