{"id":506,"date":"2020-11-11T06:07:00","date_gmt":"2020-11-11T06:07:00","guid":{"rendered":"https:\/\/napwire.eu\/?page_id=506"},"modified":"2023-03-15T15:07:30","modified_gmt":"2023-03-15T15:07:30","slug":"about","status":"publish","type":"page","link":"https:\/\/napwire.eu\/?page_id=506","title":{"rendered":"About"},"content":{"rendered":"\n\n\t<h1>\n\t\t\t\t\t\u00dcber Uns\n\t\t\t\t<\/h1>\n\t\t\t\t<img decoding=\"async\" src=\"https:\/\/napwire.eu\/wp-content\/uploads\/2020\/10\/html5.svg\" alt=\"html5\" itemprop=\"image\"\/>\n\t\t\t\t<img decoding=\"async\" src=\"https:\/\/napwire.eu\/wp-content\/uploads\/2020\/10\/css3.svg\" alt=\"css3\" itemprop=\"image\"\/>\n\t\t\t\t<img decoding=\"async\" src=\"https:\/\/napwire.eu\/wp-content\/uploads\/2020\/10\/js.svg\" alt=\"js\" itemprop=\"image\"\/>\n\t\t\t\t<img decoding=\"async\" src=\"https:\/\/napwire.eu\/wp-content\/uploads\/2020\/10\/node-js.svg\" alt=\"node-js\" itemprop=\"image\"\/>\n\t\t\t\t<img decoding=\"async\" src=\"https:\/\/napwire.eu\/wp-content\/uploads\/2020\/10\/python.svg\" alt=\"python\" itemprop=\"image\"\/>\n\t\t\t\t<img decoding=\"async\" src=\"https:\/\/napwire.eu\/wp-content\/uploads\/2020\/10\/react.svg\" alt=\"react\" itemprop=\"image\"\/>\n\t\t\t\t<img decoding=\"async\" src=\"https:\/\/napwire.eu\/wp-content\/uploads\/2020\/10\/vuejs.svg\" alt=\"vuejs\" itemprop=\"image\"\/>\n\t\t\t\t<img decoding=\"async\" src=\"https:\/\/napwire.eu\/wp-content\/uploads\/2020\/10\/angular.svg\" alt=\"angular\" itemprop=\"image\"\/>\n\t\t\t\t<img loading=\"lazy\" decoding=\"async\" src=\"https:\/\/napwire.eu\/wp-content\/uploads\/2023\/03\/Untitled-design5.png\" alt=\"Untitled design(5)\" itemprop=\"image\" height=\"1080\" width=\"1920\" title=\"Untitled design(5)\" onerror=\"this.style.display='none'\"  \/>\n\t\t\t\t<img loading=\"lazy\" decoding=\"async\" src=\"https:\/\/napwire.eu\/wp-content\/uploads\/2023\/03\/Untitled-design25.png\" alt=\"Untitled design(25)\" itemprop=\"image\" height=\"1080\" width=\"1920\" title=\"Untitled design(25)\" onerror=\"this.style.display='none'\"  \/>\n\t\t\t\t<img loading=\"lazy\" decoding=\"async\" src=\"https:\/\/napwire.eu\/wp-content\/uploads\/2023\/03\/Untitled-design26.png\" alt=\"Untitled design(26)\" itemprop=\"image\" height=\"1080\" width=\"1920\" title=\"Untitled design(26)\" onerror=\"this.style.display='none'\"  \/>\n\t<h2>Willkommen bei der Napwire AG!<\/h2>\n<p>Wir sind ein f\u00fchrender Anbieter von innovativen IT-L\u00f6sungen f\u00fcr Unternehmen jeder Gr\u00f6\u00dfe. Unsere Erfahrung und unser Wissen im Bereich der IT-Infrastruktur und Softwareentwicklung erm\u00f6glichen es uns, ma\u00dfgeschneiderte L\u00f6sungen f\u00fcr unsere Kunden zu entwickeln.<\/p>\n<p>Seit unserer Gr\u00fcndung im Jahr 2020 haben wir uns auf die Entwicklung und Implementierung von Software spezialisiert, die es Unternehmen erm\u00f6glicht, effektiver zu arbeiten und ihre Produktivit\u00e4t zu steigern. Unsere Kunden sch\u00e4tzen nicht nur unsere Kompetenz, sondern auch unsere Flexibilit\u00e4t und die F\u00e4higkeit, komplexe IT-Projekte innerhalb enger Zeitpl\u00e4ne und Budgets umzusetzen.<\/p>\n<p>&nbsp;<\/p>\n<p>Unser Team besteht aus hochqualifizierten IT-Experten, die ihr Wissen und ihre Erfahrung in jeden Aspekt unserer Arbeit einbringen. Wir sind stolz darauf, dass wir jedes Jahr eine hohe Anzahl an Neukunden gewinnen und unsere bestehenden Kunden uns weiterempfehlen.<\/p>\n<p>Unsere Unternehmenskultur basiert auf Offenheit, Ehrlichkeit und Transparenz. Wir glauben, dass es wichtig ist, eine offene Kommunikation mit unseren Kunden und innerhalb unseres Teams aufrechtzuerhalten, um eine erfolgreiche Zusammenarbeit zu gew\u00e4hrleisten.<\/p>\n<p>Wir sind bestrebt, unseren Kunden die bestm\u00f6gliche L\u00f6sung zu bieten, indem wir uns kontinuierlich weiterentwickeln und auf dem neuesten Stand der Technologie bleiben. Wir sind stolz darauf, dass wir unseren Kunden dabei helfen k\u00f6nnen, ihre IT-Herausforderungen zu bew\u00e4ltigen und ihr volles Potenzial auszusch\u00f6pfen.<\/p>\n<p>Vielen Dank, dass Sie sich die Zeit genommen haben, uns kennenzulernen. Wenn Sie weitere Fragen haben oder mehr \u00fcber uns erfahren m\u00f6chten, z\u00f6gern Sie nicht, uns zu kontaktieren.<\/p>\n\t\t\t<a href=\"https:\/\/napwire.eu\/?page_id=510\" target=\"_self\" role=\"button\" rel=\"noopener\">\n\t\t\t\t\t\tKontaktieren Sie uns!\n\t\t<\/a>\n\n","protected":false},"excerpt":{"rendered":"<p>\u00dcber Uns Willkommen bei der Napwire AG! Wir sind ein f\u00fchrender Anbieter von innovativen IT-L\u00f6sungen f\u00fcr Unternehmen jeder Gr\u00f6\u00dfe. Unsere Erfahrung und unser Wissen im Bereich der IT-Infrastruktur und Softwareentwicklung erm\u00f6glichen es uns, ma\u00dfgeschneiderte L\u00f6sungen f\u00fcr unsere Kunden zu entwickeln. Seit unserer Gr\u00fcndung im Jahr 2020 haben wir uns auf die Entwicklung und Implementierung von &hellip;<\/p>\n<p class=\"read-more\"> <a class=\"\" href=\"https:\/\/napwire.eu\/?page_id=506\"> <span class=\"screen-reader-text\">About<\/span> Read More &raquo;<\/a><\/p>\n","protected":false},"author":1,"featured_media":0,"parent":0,"menu_order":0,"comment_status":"closed","ping_status":"closed","template":"","meta":{"site-sidebar-layout":"no-sidebar","site-content-layout":"page-builder","ast-global-header-display":"","ast-main-header-display":"","ast-hfb-above-header-display":"","ast-hfb-below-header-display":"","ast-hfb-mobile-header-display":"","site-post-title":"disabled","ast-breadcrumbs-content":"","ast-featured-img":"disabled","footer-sml-layout":"","theme-transparent-header-meta":"enabled","adv-header-id-meta":"","stick-header-meta":"","header-above-stick-meta":"","header-main-stick-meta":"","header-below-stick-meta":"","footnotes":""},"class_list":["post-506","page","type-page","status-publish","hentry"],"_links":{"self":[{"href":"https:\/\/napwire.eu\/index.php?rest_route=\/wp\/v2\/pages\/506","targetHints":{"allow":["GET"]}}],"collection":[{"href":"https:\/\/napwire.eu\/index.php?rest_route=\/wp\/v2\/pages"}],"about":[{"href":"https:\/\/napwire.eu\/index.php?rest_route=\/wp\/v2\/types\/page"}],"author":[{"embeddable":true,"href":"https:\/\/napwire.eu\/index.php?rest_route=\/wp\/v2\/users\/1"}],"replies":[{"embeddable":true,"href":"https:\/\/napwire.eu\/index.php?rest_route=%2Fwp%2Fv2%2Fcomments&post=506"}],"version-history":[{"count":10,"href":"https:\/\/napwire.eu\/index.php?rest_route=\/wp\/v2\/pages\/506\/revisions"}],"predecessor-version":[{"id":910,"href":"https:\/\/napwire.eu\/index.php?rest_route=\/wp\/v2\/pages\/506\/revisions\/910"}],"wp:attachment":[{"href":"https:\/\/napwire.eu\/index.php?rest_route=%2Fwp%2Fv2%2Fmedia&parent=506"}],"curies":[{"name":"wp","href":"https:\/\/api.w.org\/{rel}","templated":true}]}}