{"id":3,"date":"2023-03-14T12:49:08","date_gmt":"2023-03-14T12:49:08","guid":{"rendered":"https:\/\/napwire.eu\/?page_id=3"},"modified":"2023-03-14T15:46:07","modified_gmt":"2023-03-14T15:46:07","slug":"privacy-policy","status":"publish","type":"page","link":"https:\/\/napwire.eu\/?page_id=3","title":{"rendered":"Datenschutz"},"content":{"rendered":"\n<p><strong>Datenschutzbestimmung<\/strong><\/p>\n\n\n\n<p>Die Privatsph\u00e4re und Pers\u00f6nlichkeitsrechte sind ein wichtiges Gut. Der Schutz der Privatsph\u00e4re und das Wissen um den Umgang der erfassten Daten unserer Kunden und Interessenten sind f\u00fcr uns sehr wichtig. Diese Datenschutzbestimmung ist die Grundlage, auf welcher die Napwire AG die personenbezogenen Daten bearbeitet und verwendet. Napwire AG h\u00e4lt die geltenden Datenschutzgesetze ein. Diese Datenschutzbestimmung werden von Zeit zu Zeit aktualisiert, angepasst und erg\u00e4nzt. Mit jedem neuen Besuch unserer Internetseiet gilt die jeweils aktuelle abrufbare Version.<\/p>\n\n\n\n<ol class=\"wp-block-list\" type=\"1\" start=\"1\">\n<li>Einsatz von Cookies<\/li>\n<\/ol>\n\n\n\n<p>Diese Internetseite kann besucht werden, ohne Angabe zur Person zu machen. Es werden lediglich Zugriffsdaten ohne Personenbezug gespeichert, wie zum Beispiel der Name Ihres Service Providers, die Seite, von der aus unsere Seite besucht wird, oder den Namen der angeforderten Datei. Diese Daten werden ausschliesslich zur Verbesserung unseres Angebots ausgewertet und daraus kann kein R\u00fcckschluss zu der Person gezogen werden. In diesem Zusammenhang ist es teilweise erforderlich, dass sogenannte Cookies zum Einsatz kommen. Diese gesammelten Daten beinhalten keinen Personenbezug oder sind gen\u00fcgend anonymisiert um keine R\u00fcckschl\u00fcsse auf die Person zu machen. Die meisten Browser akzeptieren solche Cookies automatisch, jedoch k\u00f6nnen die Browser auch so konfiguriert werden, dass sie keine Cookies annehmen oder abspeichern.<\/p>\n\n\n\n<ol class=\"wp-block-list\" type=\"1\" start=\"2\">\n<li>Personendaten<\/li>\n<\/ol>\n\n\n\n<p>Als Personendaten bezeichnet Napwire AG s\u00e4mtliche Informationen und Daten, die sich auf eine bestimmte oder bestimmbare Person beziehen. Personenbezogene Daten werden nur erhoben, wenn diese im Rahmen der Interessenbeurkundung an den Waren und Dienstleistungen oder anderer Registrierung freiwillig an Napwire AG mitgeteilt werden, in dem Webseitenformulare ausgef\u00fcllt werden oder die Daten andersweite Napwire AG mitgeteilt werden. Napwire AG verwendet die mitgeteilten Daten ohne eine gesonderte Einwilligung ausschliesslich zur Erf\u00fcllung und Abwicklung des gemeldeten Kundeninteresses und von daraus resultierenden Anfragen und Bestellprozessen. Nach vollst\u00e4ndiger Abwicklung dieser Prozesse sind die Personendaten f\u00fcr die weitere Verwendung gesperrt und werden nach Ablauf des steuer- und handelsrechtlichen Vorschriften gel\u00f6scht, sofern nicht ausdr\u00fccklich in die weitere Nutzung dieser Daten eingewilligt wurde.<\/p>\n\n\n\n<ol class=\"wp-block-list\" type=\"1\" start=\"3\">\n<li>Weitergabe personenbezogener Daten<\/li>\n<\/ol>\n\n\n\n<p>Eine Weitergabe von personenbezogenen Daten kann im Rahmen der Erf\u00fcllung der bestellten Waren oder Dienstleistung an beauftragte Subunternehmen geschehen, soweit dies hierzu notwendig ist. Dies insbesondere in Zusammenhang mit Auslieferung oder zur Abwicklung von Zahlungen.<\/p>\n\n\n\n<ol class=\"wp-block-list\" type=\"1\" start=\"4\">\n<li>Google Analytics \/ Google Adwords und Conversion-Tracking<\/li>\n<\/ol>\n\n\n\n<p>Die anonymisierten Daten, welche beim Aufruf der Webseite von Napwire AG mittels Cookies festgehalten werden, k\u00f6nnen zu Analysezwecken, zur Optimierung der Webseite und f\u00fcr die Messung der Performance verwendet werden. Napwire AG kann hierf\u00fcr Drittanbieter einsetzen, welche eine eigene Datenschutzbestimmung haben, auf welche die Napwire AG keinen Einfluss hat. Die durch Cookie erzeugten Informationen \u00fcber die Benutzung der Internetseite von Napwire AG einschliesslich der IP-Adresse kann in diesem Zusammenhang an einen Server ausserhalb der Schweiz \u00fcbertragen und dort gespeichert werden. Dies erfolgt bei Google in den USA. Google wird diese Information benutzen um die Nutzung der Internetseite auszuwerten, um Reports \u00fcber die Websiteaktivit\u00e4t zu erstellen und f\u00fcr die Websitebetreiber zusammenzustellen und um weitere mit der Websitenutzung und der Internetnutzung verbundene Dienstleistung zu erbringen. Auch wird Google diese Informationen gegebenenfalls an Dritte \u00fcbertragen, soweit dies gesetzlich vorgeschrieben oder soweit Dritte diese Daten im Auftrag von Google verarbeiten. Google wird in keinem Fall die IP-Adresse mit anderen Daten von Google in Verbindung bringen. Sie k\u00f6nnen die Installation der Cookies durch eine entsprechende Einstellung der Browser Software verhindern; Napwire AG weist jedoch darauf hin, dass in diesem Fall gegebenenfalls nicht s\u00e4mtliche Funktionen der Website von Napwire AG vollumf\u00e4nglich genutzt werden kann. Durch die Nutzung der Website von Napwire AG erkl\u00e4rt der Besucher sich mit der Bearbeitung der \u00fcber ihn erhobenen Daten durch Google in der zuvor beschriebenen Art und Weise und zu dem zuvor benannten Zweck einverstanden. Wenn Google Analytics deaktiviert werden m\u00f6chten, so ist das passende Browser-Add-On zu pr\u00fcfen und anzupassen.<\/p>\n\n\n\n<ol class=\"wp-block-list\" type=\"1\" start=\"5\">\n<li>Social-Media Content<\/li>\n<\/ol>\n\n\n\n<p>Napwire AG kann auf ihrer Internetseite Social Media Plugins, zum Beispiel von Twitter, Facebook, Google+ oder weiteren verwenden. Diese Social Media Plattformen haben eigene Datenschutzrichtlinien, auch welche Napwire AG keinen Einfluss hat. W\u00fcnscht der Nutzer, dass keine Plugins geladen werden, so wird empfohlen, sich von den entsprechenden Diensten Social-Media Diensten auszuloggen oder die Browser-Einstellungen, falls vorhanden, so zu w\u00e4hlen, dass keine Social-Media Plugins geladen werden.<\/p>\n\n\n\n<ol class=\"wp-block-list\" type=\"1\" start=\"6\">\n<li>Auskunftsrecht<\/li>\n<\/ol>\n\n\n\n<p>Nach den in der Schweiz geltenden gesetzlichen Grundlagen gibt es ein Recht auf unentgeltliche Auskunft \u00fcber die gespeicherten Daten sowie gegebenenfalls ein Recht auf Berichtigung, Sperrung oder L\u00f6schung dieser Daten.<\/p>\n\n\n\n<ol class=\"wp-block-list\" type=\"1\" start=\"7\">\n<li>Kontakt f\u00fcr Datenschutz<\/li>\n<\/ol>\n\n\n\n<p>Fragen zur Erhebung, Verarbeitung oder Nutzung der personenbezogenen Daten sowie Auskunft, Berichtigung, Sperrung oder L\u00f6schung von Daten und Widerruf erteilter Einwilligungen sind an folgende Emailadresse zu richten:&nbsp;<a href=\"mailto:info@x-bit.ch\">info@napwire.eu<\/a><\/p>\n\n\n\n<ol class=\"wp-block-list\" type=\"1\" start=\"8\">\n<li>Datensicherheit<\/li>\n<\/ol>\n\n\n\n<p>Leider ist die \u00dcbermittlung von Daten im Internet nicht absolut sicher. Napwire AG arbeitet mit Internetanbietern und Dienstleistern zusammen, welche \u00fcber angemessene technische und weitere Sicherheitsvorkehrungen verf\u00fcgen und entsprechende Prozesse implementiert haben, um die personenbezogenen Daten bestm\u00f6glich zu sch\u00fctzen. Napwire AG kann jedoch keine Garantie f\u00fcr die Datensicherheit bei den durch die Nutzer \u00fcbermittelten Daten \u00fcbernehmen und lehnt jede Haftung diesbez\u00fcglich ab. Jede Daten\u00fcbertragung erfolgt auf eigenes Risiko des Nutzers.<\/p>\n\n\n\n<ol class=\"wp-block-list\" type=\"1\" start=\"9\">\n<li>Schlussbestimmung<\/li>\n<\/ol>\n\n\n\n<p>Sollten einzelne Teile oder Bestimmungen dieser Datenschutzbestimmung als nichtig oder unwirksam sein, so wird dadurch die G\u00fcltigkeit der Datenschutzbestimmung im \u00dcbrigen nicht ber\u00fchrt. Der Gerichtsstand und das anwendbare Recht gilt gem\u00e4ss den AGB\u2019s.<\/p>\n\n\n\n<p>Stand: 01.02.2023<\/p>\n","protected":false},"excerpt":{"rendered":"<p>Datenschutzbestimmung Die Privatsph\u00e4re und Pers\u00f6nlichkeitsrechte sind ein wichtiges Gut. Der Schutz der Privatsph\u00e4re und das Wissen um den Umgang der erfassten Daten unserer Kunden und Interessenten sind f\u00fcr uns sehr wichtig. Diese Datenschutzbestimmung ist die Grundlage, auf welcher die Napwire AG die personenbezogenen Daten bearbeitet und verwendet. Napwire AG h\u00e4lt die geltenden Datenschutzgesetze ein. Diese &hellip;<\/p>\n<p class=\"read-more\"> <a class=\"\" href=\"https:\/\/napwire.eu\/?page_id=3\"> <span class=\"screen-reader-text\">Datenschutz<\/span> Read More &raquo;<\/a><\/p>\n","protected":false},"author":1,"featured_media":0,"parent":0,"menu_order":0,"comment_status":"closed","ping_status":"closed","template":"","meta":{"site-sidebar-layout":"default","site-content-layout":"default","ast-global-header-display":"","ast-main-header-display":"","ast-hfb-above-header-display":"","ast-hfb-below-header-display":"","ast-hfb-mobile-header-display":"","site-post-title":"","ast-breadcrumbs-content":"","ast-featured-img":"","footer-sml-layout":"","theme-transparent-header-meta":"","adv-header-id-meta":"","stick-header-meta":"","header-above-stick-meta":"","header-main-stick-meta":"","header-below-stick-meta":"","footnotes":""},"class_list":["post-3","page","type-page","status-publish","hentry"],"_links":{"self":[{"href":"https:\/\/napwire.eu\/index.php?rest_route=\/wp\/v2\/pages\/3","targetHints":{"allow":["GET"]}}],"collection":[{"href":"https:\/\/napwire.eu\/index.php?rest_route=\/wp\/v2\/pages"}],"about":[{"href":"https:\/\/napwire.eu\/index.php?rest_route=\/wp\/v2\/types\/page"}],"author":[{"embeddable":true,"href":"https:\/\/napwire.eu\/index.php?rest_route=\/wp\/v2\/users\/1"}],"replies":[{"embeddable":true,"href":"https:\/\/napwire.eu\/index.php?rest_route=%2Fwp%2Fv2%2Fcomments&post=3"}],"version-history":[{"count":1,"href":"https:\/\/napwire.eu\/index.php?rest_route=\/wp\/v2\/pages\/3\/revisions"}],"predecessor-version":[{"id":800,"href":"https:\/\/napwire.eu\/index.php?rest_route=\/wp\/v2\/pages\/3\/revisions\/800"}],"wp:attachment":[{"href":"https:\/\/napwire.eu\/index.php?rest_route=%2Fwp%2Fv2%2Fmedia&parent=3"}],"curies":[{"name":"wp","href":"https:\/\/api.w.org\/{rel}","templated":true}]}}